{"id":152,"date":"2019-11-15T11:44:13","date_gmt":"2019-11-15T11:44:13","guid":{"rendered":"http:\/\/360-grad-physio.de\/?page_id=152"},"modified":"2021-04-30T13:18:48","modified_gmt":"2021-04-30T13:18:48","slug":"impressum","status":"publish","type":"page","link":"https:\/\/360-grad-physio.de\/?page_id=152","title":{"rendered":"Impressum"},"content":{"rendered":"\n<p><span style=\"color: #333333;\"><strong>IMPRESSUM <\/strong><\/span><\/p>\n<p><span style=\"color: #333333;\"><strong>Angaben gem\u00e4\u00df \u00a7 5 TMG:<\/strong><\/span><br><span style=\"color: #333333;\"> 360\u00b0 Physio \u2013 Ihre Krankengymnastik am Alten Markt<\/span><br><span style=\"color: #333333;\"> Margarete Suchorab<\/span><br><span style=\"color: #333333;\"> Alter Markt 10<\/span><br><span style=\"color: #333333;\"> D-42275 Wuppertal<\/span><\/p>\n\n<p><span style=\"color: #333333;\"><strong>Kontakt<\/strong><\/span><br><span style=\"color: #333333;\"> Margarete Suchorab<\/span><br \/>\nT: +49 202 &#8211; 44 874 166<\/span><br><span style=\"color: #333333;\"> E: kontakt@360-grad-physio.de<\/span><\/p>\n\n<p><strong>Umsatzsteuer<\/strong><br \/>\nUmsatzsteuer-Identifikationsnummer gem\u00e4\u00df \u00a727 a Umsatzsteuergesetz:<\/p>\n<p><strong>Aufsichtsbeh\u00f6rde:<\/strong><br \/>\nGesundheitsamt Wuppertal<br \/>\nWilly-Brandt-Platz 19<br \/>\n42105 Wuppertal<\/p>\n\n<p><strong>Berufsbezeichnung und Berufsrechtliche Regelungen&nbsp;<\/strong><br \/>\nBerufsbezeichnung: Physiotherapeut<br \/>\nVerliehen durch: Stadt Wuppertal, Nordrhein-Westfalen<br \/>\nEs gelten folgende berufsrechtliche Regelungen: Masseur- und Physiotherapeutengesetz<br \/>\nRegelungen einsehbar unter: <a href=\"https:\/\/www.physio.de\/zulassung\/gesetz-beruf-pt.php\" target=\"_blank\" rel=\"noopener noreferrer\">https:\/\/www.physio.de\/zulassung\/gesetz-beruf-pt.php<\/a><\/p>\n\n<p><strong>Angaben zur Berufshaftpflichversicherung<\/strong><br \/>\nName und Sitz des Versicherers:<br \/>\nAXA Versicherung AG<br \/>\nColonia-Allee 10-20<br \/>\n51171 K\u00f6ln<br \/>\nGeltungsraum der Versicherung: Bundesrepublik Deutschland<\/p>\n\n<p><strong>Streitschlichtung<\/strong><br \/>\nWir sind nicht bereit oder verpflichtet, an Streitbeilegungsverfahren vor einer Verbraucherschlichtungsstelle teilzunehmen.<\/p>\n\n<p><span style=\"color: #333333;\"><strong>Hinweis zur Verlinkung externer Internetseiten<\/strong><br><span style=\"color: #333333;\">Ein Urteil des Landgerichts Hamburg vom 12. Mai 1998 besagt, dass man durch die Anbringung eines Links die Inhalte der verlinkten Seiten unter Umst\u00e4nden mit zu verantworten hat. Dies kann, so lautet die Entscheidung, nur verhindert werden, indem man sich ausdr\u00fccklich von den Inhalten distanziert. Auf dieser Internetseite sind Links zu anderen Seiten im Internet angef\u00fchrt. Wir nehmen Abstand von dem Aufbau dieser Seiten und erkl\u00e4ren explizit, dass wir keinerlei Einfluss auf die Gestaltung und die Aussage der verlinkten Seiten haben. Wir distanzieren uns ausdr\u00fccklich von allen Inhalten der von dieser Internetpr\u00e4senz verlinkten Seiten und machen uns diese Inhalte nicht zu Eigen. Die Erkl\u00e4rung gilt f\u00fcr alle auf unseren Internetseiten angezeigten Links und f\u00fcr alle Inhalte der Seiten.<\/span><\/span><\/p>\n<p><span style=\"color: #333333;\">Die verantwortliche Stelle entscheidet allein oder gemeinsam mit anderen \u00fcber die Zwecke und Mittel der Verarbeitung von personenbezogenen Daten (z.B. Namen, Kontaktdaten o. \u00c4.).<\/span><\/p>\n<p>&nbsp;<\/p>\n","protected":false},"excerpt":{"rendered":"<p>IMPRESSUM Angaben gem\u00e4\u00df \u00a7 5 TMG: 360\u00b0 Physio \u2013 Ihre Krankengymnastik am Alten Markt Margarete Suchorab Alter Markt 10 D-42275 Wuppertal Kontakt Margarete Suchorab T: +49 202 &#8211; 44 874 166 E: kontakt@360-grad-physio.de Umsatzsteuer Umsatzsteuer-Identifikationsnummer gem\u00e4\u00df \u00a727 a Umsatzsteuergesetz: Aufsichtsbeh\u00f6rde: Gesundheitsamt Wuppertal Willy-Brandt-Platz 19 42105 Wuppertal Berufsbezeichnung und Berufsrechtliche Regelungen&nbsp; Berufsbezeichnung: Physiotherapeut Verliehen durch: Stadt [&hellip;]<\/p>\n","protected":false},"author":1,"featured_media":0,"parent":0,"menu_order":0,"comment_status":"closed","ping_status":"closed","template":"","meta":[],"_links":{"self":[{"href":"https:\/\/360-grad-physio.de\/index.php?rest_route=\/wp\/v2\/pages\/152"}],"collection":[{"href":"https:\/\/360-grad-physio.de\/index.php?rest_route=\/wp\/v2\/pages"}],"about":[{"href":"https:\/\/360-grad-physio.de\/index.php?rest_route=\/wp\/v2\/types\/page"}],"author":[{"embeddable":true,"href":"https:\/\/360-grad-physio.de\/index.php?rest_route=\/wp\/v2\/users\/1"}],"replies":[{"embeddable":true,"href":"https:\/\/360-grad-physio.de\/index.php?rest_route=%2Fwp%2Fv2%2Fcomments&post=152"}],"version-history":[{"count":18,"href":"https:\/\/360-grad-physio.de\/index.php?rest_route=\/wp\/v2\/pages\/152\/revisions"}],"predecessor-version":[{"id":199,"href":"https:\/\/360-grad-physio.de\/index.php?rest_route=\/wp\/v2\/pages\/152\/revisions\/199"}],"wp:attachment":[{"href":"https:\/\/360-grad-physio.de\/index.php?rest_route=%2Fwp%2Fv2%2Fmedia&parent=152"}],"curies":[{"name":"wp","href":"https:\/\/api.w.org\/{rel}","templated":true}]}}