{"id":149,"date":"2019-11-15T11:40:20","date_gmt":"2019-11-15T11:40:20","guid":{"rendered":"http:\/\/360-grad-physio.de\/?page_id=149"},"modified":"2025-01-05T11:53:04","modified_gmt":"2025-01-05T11:53:04","slug":"datenschutz","status":"publish","type":"page","link":"https:\/\/360-grad-physio.de\/?page_id=149","title":{"rendered":"Datenschutz"},"content":{"rendered":"<p><span style=\"color: #333333;\"><strong>DATENSCHUTZERKL\u00c4RUNG<\/strong><\/span><\/p>\n<p><span style=\"color: #333333;\"><strong>Allgemeiner Hinweis und Pflichtinformationen:<\/strong><\/span><\/p>\n<p><span style=\"color: #333333;\">Die verantwortliche Stelle f\u00fcr die Datenverarbeitung auf dieser Website ist:<\/span><br \/>\n<span style=\"color: #333333;\"> 360\u00b0 Physio \u2013 Ihre Krankengymnastik am Alten Markt<br \/>\n<span style=\"color: #333333;\">Margarete Suchorab<br \/>\n<span style=\"color: #333333;\"> Alter Markt 10<br \/>\nD-42275 Wuppertal<\/span><\/span><\/span><\/p>\n<p><span style=\"color: #333333;\">Die verantwortliche Stelle entscheidet allein oder gemeinsam mit anderen \u00fcber die Zwecke und Mittel der Verarbeitung von personenbezogenen Daten (z.B. Namen, Kontaktdaten o. \u00c4.).<\/span><\/p>\n<p><span style=\"color: #333333;\"><strong>WIDERRUF IHRER EINWILLIGUNG ZUR DATENVERARBEITUNG<\/strong><\/span><br \/>\n<span style=\"color: #333333;\"> Nur mit Ihrer ausdr\u00fccklichen Einwilligung sind einige Vorg\u00e4nge der Datenverarbeitung m\u00f6glich. Ein Widerruf Ihrer bereits erteilten Einwilligung ist jederzeit m\u00f6glich. F\u00fcr den Widerruf gen\u00fcgt eine formlose Mitteilung per E-Mail. Die Rechtm\u00e4\u00dfigkeit der bis zum Widerruf erfolgten Datenverarbeitung bleibt vom Widerruf unber\u00fchrt.<\/span><\/p>\n<p><span style=\"color: #333333;\"><strong>RECHT AUF BESCHWERE BEI DER ZUST\u00c4NDIGEN AUFSICHTSBEH\u00d6RDE<\/strong><\/span><br \/>\n<span style=\"color: #333333;\"> Als Betroffener steht Ihnen im Falle eines datenschutzrechtlichen Versto\u00dfes ein Beschwerderecht bei der zust\u00e4ndigen Aufsichtsbeh\u00f6rde zu. Zust\u00e4ndige Aufsichtsbeh\u00f6rde bez\u00fcglich datenschutzrechtlicher Fragen ist der Landesdatenschutzbeauftragte des Bundeslandes, in dem sich der Sitz unseres Unternehmens befindet. Der folgende Link stellt eine Liste der Datenschutzbeauftragten sowie deren Kontaktdaten bereit: <a href=\"https:\/\/www.bfdi.bund.de\/DE\/Infothek\/Anschriften_Links\/anschriften_links-node.html\">https:\/\/www.bfdi.bund.de\/DE\/Infothek\/Anschriften_Links\/anschriften_links-node.html<\/a>.<\/span><\/p>\n<p><span style=\"color: #333333;\"><strong>RECHT AUF DATEN\u00dcBERTRAGBARKEIT<\/strong><\/span><br \/>\n<span style=\"color: #333333;\"> Ihnen steht das Recht zu, Daten, die wir auf Grundlage Ihrer Einwilligung oder in Erf\u00fcllung eines Vertrags automatisiert verarbeiten, an sich oder an Dritte aush\u00e4ndigen zu lassen. Die Bereitstellung erfolgt in einem maschinenlesbaren Format. Sofern Sie die direkte \u00dcbertragung der Daten an einen anderen Verantwortlichen verlangen, erfolgt dies nur, soweit es technisch machbar ist.<\/span><\/p>\n<p><span style=\"color: #333333;\"><strong>RECHT AUF AUSKUNFT. BERICHTIGUNG, SPERRUNG, L\u00d6SCHUNG<\/strong><\/span><br \/>\n<span style=\"color: #333333;\"> Sie haben jederzeit im Rahmen der geltenden gesetzlichen Bestimmungen das Recht auf unentgeltliche Auskunft \u00fcber Ihre gespeicherten personenbezogenen Daten, Herkunft der Daten, deren Empf\u00e4nger und den Zweck der Datenverarbeitung und ggf. ein Recht auf Berichtigung, Sperrung oder L\u00f6schung dieser Daten. Diesbez\u00fcglich und auch zu weiteren Fragen zum Thema personenbezogene Daten k\u00f6nnen Sie sich jederzeit \u00fcber die im Impressum aufgef\u00fchrten Kontaktm\u00f6glichkeiten an uns wenden.<\/span><\/p>\n<p><span style=\"color: #333333;\"><strong>SSL- BZW. TLS-VERSCHL\u00dcSSELUNG<\/strong><\/span><br \/>\n<span style=\"color: #333333;\"> Aus Sicherheitsgr\u00fcnden und zum Schutz der \u00dcbertragung vertraulicher Inhalte, die Sie an uns als Seitenbetreiber senden, nutzt unsere Website eine SSL-bzw. TLS-Verschl\u00fcsselung. Damit sind Daten, die Sie \u00fcber diese Website \u00fcbermitteln, f\u00fcr Dritte nicht mitlesbar. Sie erkennen eine verschl\u00fcsselte Verbindung an der \u201ehttps:\/\/\u201c Adresszeile Ihres Browsers und am Schloss-Symbol in der Browserzeile.<\/span><\/p>\n<p><span style=\"color: #333333;\"><strong>HAFTUNGSAUSSCHLUSS<\/strong><\/span><\/p>\n<p><em><span style=\"color: #333333;\">Haftung f\u00fcr Inhalte<\/span><\/em><br \/>\n<span style=\"color: #333333;\"> Die Inhalte unserer Seiten wurden mit gr\u00f6\u00dfter Sorgfalt erstellt. F\u00fcr die Richtigkeit, Vollst\u00e4ndigkeit und Aktualit\u00e4t der Inhalte k\u00f6nnen wir jedoch keine Gew\u00e4hr \u00fcbernehmen.<\/span><br \/>\n<span style=\"color: #333333;\"> Als Dienstanbieter sind wir gem\u00e4\u00df \u00a77 Abs.1 TMG (Telemediengesetz) f\u00fcr eigene Inhalte auf diesen Seiten nach den allgemeinen Gesetzen verantwortlich. Nach \u00a7\u00a78 bis 10 TMG sind wir als Dienstanbieter jedoch nicht verpflichtet, \u00fcbermittelte oder gespeicherte fremde Informationen zu \u00fcberwachen oder nach Umst\u00e4nden zu forschen, die auf eine rechtswidrige T\u00e4tigkeit hinweisen. Verpflichtungen zur Entfernung oder Sperrung der Nutzung von Informationen nach den allgemeinen Gesetzen bleiben hiervon unber\u00fchrt. Eine diesbez\u00fcgliche Haftung ist jedoch erst ab dem Zeitpunkt der Kenntnis einer konkreten Rechtsverletzung m\u00f6glich. Bei bekannt werden von entsprechenden Rechtsverletzungen werden wir diese Inhalte umgehend entfernen.<\/span><\/p>\n<p><em><span style=\"color: #333333;\">Haftung f\u00fcr Links<\/span><\/em><br \/>\n<span style=\"color: #333333;\"> Unser Angebot enth\u00e4lt Links zu externen Webseiten Dritter, auf deren Inhalte wir keinen Einfluss haben. Deshalb k\u00f6nnen wir f\u00fcr diese fremden Inhalte auch keine Gew\u00e4hr \u00fcbernehmen. F\u00fcr die Inhalte der verlinkten Seiten ist stets der jeweilige Anbieter oder Betreiber der Seiten verantwortlich. Die verlinkten Seiten wurden zum Zeitpunkt der Verlinkung auf m\u00f6gliche Rechtsverst\u00f6\u00dfe \u00fcberpr\u00fcft. Rechtswidrige Inhalte waren zum Zeitpunkt der Verlinkung nicht erkennbar. Eine permanente inhaltliche Kontrolle der verlinkten Seiten ist jedoch ohne konkrete Anhaltspunkte einer Rechtsverletzung nicht zumutbar. Bei bekannt werden von Rechtsverletzungen werden wir derartige Links umgehend entfernen.<\/span><\/p>\n<p><em><span style=\"color: #333333;\">Urheberrecht<\/span><\/em><br \/>\n<span style=\"color: #333333;\"> Die durch die Seitenbetreiber erstellten Inhalte und Werke auf diesen Seiten unterliegen dem deutschen Urheberrecht. Beitr\u00e4ge Dritter sind als solche gekennzeichnet. Die Vervielf\u00e4ltigung, Bearbeitung, Verbreitung und jede Art der Verwertung au\u00dferhalb der Grenzen des Urheberrechtes bed\u00fcrfen der schriftlichen Zustimmung. Downloads und Kopien dieser Seite sind nur f\u00fcr den privaten, nicht kommerziellen Gebrauch gestattet. Die Betreiber der Seiten sind bem\u00fcht, stets die Urheberrechte anderer zu beachten bzw. auf selbst erstellte sowie lizenzfreie Werke zur\u00fcckzugreifen.<\/span><\/p>\n","protected":false},"excerpt":{"rendered":"<p>DATENSCHUTZERKL\u00c4RUNG Allgemeiner Hinweis und Pflichtinformationen: Die verantwortliche Stelle f\u00fcr die Datenverarbeitung auf dieser Website ist: 360\u00b0 Physio \u2013 Ihre Krankengymnastik am Alten Markt Margarete Suchorab Alter Markt 10 D-42275 Wuppertal Die verantwortliche Stelle entscheidet allein oder gemeinsam mit anderen \u00fcber die Zwecke und Mittel der Verarbeitung von personenbezogenen Daten (z.B. Namen, Kontaktdaten o. \u00c4.). WIDERRUF [&hellip;]<\/p>\n","protected":false},"author":1,"featured_media":0,"parent":0,"menu_order":0,"comment_status":"closed","ping_status":"closed","template":"","meta":[],"_links":{"self":[{"href":"https:\/\/360-grad-physio.de\/index.php?rest_route=\/wp\/v2\/pages\/149"}],"collection":[{"href":"https:\/\/360-grad-physio.de\/index.php?rest_route=\/wp\/v2\/pages"}],"about":[{"href":"https:\/\/360-grad-physio.de\/index.php?rest_route=\/wp\/v2\/types\/page"}],"author":[{"embeddable":true,"href":"https:\/\/360-grad-physio.de\/index.php?rest_route=\/wp\/v2\/users\/1"}],"replies":[{"embeddable":true,"href":"https:\/\/360-grad-physio.de\/index.php?rest_route=%2Fwp%2Fv2%2Fcomments&post=149"}],"version-history":[{"count":6,"href":"https:\/\/360-grad-physio.de\/index.php?rest_route=\/wp\/v2\/pages\/149\/revisions"}],"predecessor-version":[{"id":195,"href":"https:\/\/360-grad-physio.de\/index.php?rest_route=\/wp\/v2\/pages\/149\/revisions\/195"}],"wp:attachment":[{"href":"https:\/\/360-grad-physio.de\/index.php?rest_route=%2Fwp%2Fv2%2Fmedia&parent=149"}],"curies":[{"name":"wp","href":"https:\/\/api.w.org\/{rel}","templated":true}]}}